{"id":314,"date":"2026-03-30T19:10:07","date_gmt":"2026-03-30T17:10:07","guid":{"rendered":"https:\/\/gestinsolenn-naturopathie.fr\/?page_id=314"},"modified":"2026-03-30T19:20:44","modified_gmt":"2026-03-30T17:20:44","slug":"horaires-douverture","status":"publish","type":"page","link":"https:\/\/gestinsolenn-naturopathie.fr\/?page_id=314","title":{"rendered":"Horaires d&rsquo;ouverture"},"content":{"rendered":"\n<p>Consultations au cabinet ou en visio<\/p>\n\n\n\n<p>Lundi-Mardi et Jeudi-Vendredi: 9h00- 18h30<\/p>\n\n\n\n<p><em>Samedi matin: possibilit\u00e9 d&rsquo;ouverture de cr\u00e9neaux exceptionnels pour les travailleurs en horaires d\u00e9cal\u00e9s et les \u00e9tudiants<\/em><\/p>\n\n\n\n<p class=\"has-text-align-center\"><strong>Contactez moi au 06.40.46.25.31 pour fixer ensemble votre rendez-vous<\/strong>. <\/p>\n\n\n\n<p><\/p>\n","protected":false},"excerpt":{"rendered":"<p>Consultations au cabinet ou en visio Lundi-Mardi et Jeudi-Vendredi: 9h00- 18h30 Samedi matin: possibilit\u00e9 d&rsquo;ouverture de cr\u00e9neaux exceptionnels pour les travailleurs en horaires d\u00e9cal\u00e9s et les \u00e9tudiants Contactez moi au 06.40.46.25.31 pour fixer ensemble votre rendez-vous.<\/p>\n","protected":false},"author":1,"featured_media":0,"parent":0,"menu_order":0,"comment_status":"closed","ping_status":"closed","template":"","meta":{"_uag_custom_page_level_css":"","footnotes":""},"class_list":["post-314","page","type-page","status-publish","hentry"],"_hostinger_reach_plugin_has_subscription_block":false,"_hostinger_reach_plugin_is_elementor":false,"uagb_featured_image_src":{"full":false,"thumbnail":false,"medium":false,"medium_large":false,"large":false,"1536x1536":false,"2048x2048":false,"context-blog-card-slider-382X271":false,"context-blog-full-screen-slider-1440X550":false,"context-blog-gallery-slider-1-510X497":false,"context-blog-gallery-slider-2-footer-news-100X98":false,"context-blog-leaflet-slider-sidbarlatest-510X724":false,"context-blog-main-blog-1-1200X630":false,"context-blog-main-blog-2-538X382":false,"context-blog-aboutme-350X350":false,"context-blog-center-image-785X485":false},"uagb_author_info":{"display_name":"GESTIN Solenn","author_link":"https:\/\/gestinsolenn-naturopathie.fr\/?author=1"},"uagb_comment_info":0,"uagb_excerpt":"Consultations au cabinet ou en visio Lundi-Mardi et Jeudi-Vendredi: 9h00- 18h30 Samedi matin: possibilit\u00e9 d&rsquo;ouverture de cr\u00e9neaux exceptionnels pour les travailleurs en horaires d\u00e9cal\u00e9s et les \u00e9tudiants Contactez moi au 06.40.46.25.31 pour fixer ensemble votre rendez-vous.","_links":{"self":[{"href":"https:\/\/gestinsolenn-naturopathie.fr\/index.php?rest_route=\/wp\/v2\/pages\/314","targetHints":{"allow":["GET"]}}],"collection":[{"href":"https:\/\/gestinsolenn-naturopathie.fr\/index.php?rest_route=\/wp\/v2\/pages"}],"about":[{"href":"https:\/\/gestinsolenn-naturopathie.fr\/index.php?rest_route=\/wp\/v2\/types\/page"}],"author":[{"embeddable":true,"href":"https:\/\/gestinsolenn-naturopathie.fr\/index.php?rest_route=\/wp\/v2\/users\/1"}],"replies":[{"embeddable":true,"href":"https:\/\/gestinsolenn-naturopathie.fr\/index.php?rest_route=%2Fwp%2Fv2%2Fcomments&post=314"}],"version-history":[{"count":4,"href":"https:\/\/gestinsolenn-naturopathie.fr\/index.php?rest_route=\/wp\/v2\/pages\/314\/revisions"}],"predecessor-version":[{"id":321,"href":"https:\/\/gestinsolenn-naturopathie.fr\/index.php?rest_route=\/wp\/v2\/pages\/314\/revisions\/321"}],"wp:attachment":[{"href":"https:\/\/gestinsolenn-naturopathie.fr\/index.php?rest_route=%2Fwp%2Fv2%2Fmedia&parent=314"}],"curies":[{"name":"wp","href":"https:\/\/api.w.org\/{rel}","templated":true}]}}