{"id":280,"date":"2026-03-19T18:44:44","date_gmt":"2026-03-19T18:44:44","guid":{"rendered":"https:\/\/gestinsolenn-naturopathie.fr\/?page_id=280"},"modified":"2026-03-20T23:39:13","modified_gmt":"2026-03-20T22:39:13","slug":"contact-2","status":"publish","type":"page","link":"https:\/\/gestinsolenn-naturopathie.fr\/?page_id=280","title":{"rendered":"Contact"},"content":{"rendered":"\n<p><strong>T\u00e9l\u00e9phone<\/strong>: 06.40.46.25.31<\/p>\n\n\n\n<p><strong>Mail <\/strong>: solenngestin.naturo@gmail.com<\/p>\n\n\n\n<p><strong>Adresse: <\/strong>20 place du champ de foire 29270 Carhaix-Plouguer <em>(2\u00e8me \u00e9tage)<\/em><\/p>\n\n\n\n<p>I<strong>nstagram:<\/strong> solenngestin.naturo<\/p>\n\n\n\n<p class=\"has-text-align-center\"><strong>Contactez moi par mail ou t\u00e9l\u00e9phone pour la prise de rendez-vous. R\u00e9ponse rapide garantie. <\/strong><\/p>\n","protected":false},"excerpt":{"rendered":"<p>T\u00e9l\u00e9phone: 06.40.46.25.31 Mail : solenngestin.naturo@gmail.com Adresse: 20 place du champ de foire 29270 Carhaix-Plouguer (2\u00e8me \u00e9tage) Instagram: solenngestin.naturo Contactez moi par mail ou t\u00e9l\u00e9phone pour la prise de rendez-vous. R\u00e9ponse rapide garantie.<\/p>\n","protected":false},"author":1,"featured_media":0,"parent":0,"menu_order":0,"comment_status":"closed","ping_status":"closed","template":"","meta":{"_uag_custom_page_level_css":"","footnotes":""},"class_list":["post-280","page","type-page","status-publish","hentry"],"_hostinger_reach_plugin_has_subscription_block":false,"_hostinger_reach_plugin_is_elementor":false,"uagb_featured_image_src":{"full":false,"thumbnail":false,"medium":false,"medium_large":false,"large":false,"1536x1536":false,"2048x2048":false,"context-blog-card-slider-382X271":false,"context-blog-full-screen-slider-1440X550":false,"context-blog-gallery-slider-1-510X497":false,"context-blog-gallery-slider-2-footer-news-100X98":false,"context-blog-leaflet-slider-sidbarlatest-510X724":false,"context-blog-main-blog-1-1200X630":false,"context-blog-main-blog-2-538X382":false,"context-blog-aboutme-350X350":false,"context-blog-center-image-785X485":false},"uagb_author_info":{"display_name":"GESTIN Solenn","author_link":"https:\/\/gestinsolenn-naturopathie.fr\/?author=1"},"uagb_comment_info":0,"uagb_excerpt":"T\u00e9l\u00e9phone: 06.40.46.25.31 Mail : solenngestin.naturo@gmail.com Adresse: 20 place du champ de foire 29270 Carhaix-Plouguer (2\u00e8me \u00e9tage) Instagram: solenngestin.naturo Contactez moi par mail ou t\u00e9l\u00e9phone pour la prise de rendez-vous. R\u00e9ponse rapide garantie.","_links":{"self":[{"href":"https:\/\/gestinsolenn-naturopathie.fr\/index.php?rest_route=\/wp\/v2\/pages\/280","targetHints":{"allow":["GET"]}}],"collection":[{"href":"https:\/\/gestinsolenn-naturopathie.fr\/index.php?rest_route=\/wp\/v2\/pages"}],"about":[{"href":"https:\/\/gestinsolenn-naturopathie.fr\/index.php?rest_route=\/wp\/v2\/types\/page"}],"author":[{"embeddable":true,"href":"https:\/\/gestinsolenn-naturopathie.fr\/index.php?rest_route=\/wp\/v2\/users\/1"}],"replies":[{"embeddable":true,"href":"https:\/\/gestinsolenn-naturopathie.fr\/index.php?rest_route=%2Fwp%2Fv2%2Fcomments&post=280"}],"version-history":[{"count":2,"href":"https:\/\/gestinsolenn-naturopathie.fr\/index.php?rest_route=\/wp\/v2\/pages\/280\/revisions"}],"predecessor-version":[{"id":295,"href":"https:\/\/gestinsolenn-naturopathie.fr\/index.php?rest_route=\/wp\/v2\/pages\/280\/revisions\/295"}],"wp:attachment":[{"href":"https:\/\/gestinsolenn-naturopathie.fr\/index.php?rest_route=%2Fwp%2Fv2%2Fmedia&parent=280"}],"curies":[{"name":"wp","href":"https:\/\/api.w.org\/{rel}","templated":true}]}}