{"id":266,"date":"2026-03-19T17:36:57","date_gmt":"2026-03-19T17:36:57","guid":{"rendered":"https:\/\/gestinsolenn-naturopathie.fr\/?page_id=266"},"modified":"2026-03-19T17:37:06","modified_gmt":"2026-03-19T17:37:06","slug":"ateliers","status":"publish","type":"page","link":"https:\/\/gestinsolenn-naturopathie.fr\/?page_id=266","title":{"rendered":"Ateliers"},"content":{"rendered":"\n<div class=\"wp-block-uagb-image uagb-block-bd3f1214 wp-block-uagb-image--layout-default wp-block-uagb-image--effect-static wp-block-uagb-image--align-none\"><figure class=\"wp-block-uagb-image__figure\"><img decoding=\"async\" srcset=\"https:\/\/gestinsolenn-naturopathie.fr\/wp-content\/uploads\/2026\/03\/OIP-2.webp ,https:\/\/gestinsolenn-naturopathie.fr\/wp-content\/uploads\/2026\/03\/OIP-2.webp 780w, https:\/\/gestinsolenn-naturopathie.fr\/wp-content\/uploads\/2026\/03\/OIP-2.webp 360w\" sizes=\"auto, (max-width: 480px) 150px\" src=\"https:\/\/gestinsolenn-naturopathie.fr\/wp-content\/uploads\/2026\/03\/OIP-2.webp\" alt=\"\" class=\"uag-image-251\" width=\"191\" height=\"288\" title=\"OIP (2)\" loading=\"lazy\" role=\"img\"\/><\/figure><\/div>\n\n\n\n<p>J&rsquo;aurai prochainement le plaisir de vous proposer des ateliers. <\/p>\n\n\n\n<p>Je peux intervenir dans le cadre d&rsquo;\u00e9v\u00e8nements priv\u00e9s (anniversaire, enterrement de vie de jeune fille, apr\u00e8s midi entre ami(e)s, \u2026.), professionnels (qualit\u00e9 de vie au travail) ou associatifs (\u00e9coles, associations \u00e0 caract\u00e8re social, association d&rsquo;aidants, association de soutien aux victimes de violences &#8230;).  <\/p>\n\n\n\n<p>Contactez moi et je ferai mon possible pour vous proposer un devis au plus proche de vos besoins. <\/p>\n\n\n\n<p>Divers th\u00e9matiques possibles (liste non exhaustive): <\/p>\n\n\n\n<ul class=\"wp-block-list\">\n<li>Cuisiner les l\u00e9gumineuses<\/li>\n\n\n\n<li>Cuisiner sain et pas cher<\/li>\n\n\n\n<li>Go\u00fbters sans gluten<\/li>\n\n\n\n<li>Go\u00fbters pauvres en sucres<\/li>\n\n\n\n<li>Soutenir son syst\u00e8me nerveux naturellement<\/li>\n\n\n\n<li>Cosm\u00e9tique saine <\/li>\n\n\n\n<li>Apprendre a prendre soin de sa famille gr\u00e2ce \u00e0 l&rsquo;herboristerie familiale<\/li>\n\n\n\n<li>Equilibre alimentaire<\/li>\n<\/ul>\n\n\n\n<div class=\"wp-block-uagb-image uagb-block-5918cea3 wp-block-uagb-image--layout-default wp-block-uagb-image--effect-static wp-block-uagb-image--align-none\"><figure class=\"wp-block-uagb-image__figure\"><img decoding=\"async\" srcset=\"https:\/\/gestinsolenn-naturopathie.fr\/wp-content\/uploads\/2026\/02\/service-1.jpg ,https:\/\/gestinsolenn-naturopathie.fr\/wp-content\/uploads\/2026\/02\/service-1.jpg 780w, https:\/\/gestinsolenn-naturopathie.fr\/wp-content\/uploads\/2026\/02\/service-1.jpg 360w\" sizes=\"auto, (max-width: 480px) 150px\" src=\"https:\/\/gestinsolenn-naturopathie.fr\/wp-content\/uploads\/2026\/02\/service-1.jpg\" alt=\"\" class=\"uag-image-60\" width=\"207\" height=\"280\" title=\"service-1.jpg\" loading=\"lazy\" role=\"img\"\/><\/figure><\/div>\n","protected":false},"excerpt":{"rendered":"<p>J&rsquo;aurai prochainement le plaisir de vous proposer des ateliers. Je peux intervenir dans le cadre d&rsquo;\u00e9v\u00e8nements priv\u00e9s (anniversaire, enterrement de vie de jeune fille, apr\u00e8s midi entre ami(e)s, \u2026.), professionnels (qualit\u00e9 de vie au travail) ou associatifs (\u00e9coles, associations \u00e0 caract\u00e8re social, association d&rsquo;aidants, association de soutien aux victimes de violences &#8230;). Contactez moi et [&hellip;]<\/p>\n","protected":false},"author":1,"featured_media":0,"parent":0,"menu_order":0,"comment_status":"closed","ping_status":"closed","template":"","meta":{"_uag_custom_page_level_css":"","footnotes":""},"class_list":["post-266","page","type-page","status-publish","hentry"],"_hostinger_reach_plugin_has_subscription_block":false,"_hostinger_reach_plugin_is_elementor":false,"uagb_featured_image_src":{"full":false,"thumbnail":false,"medium":false,"medium_large":false,"large":false,"1536x1536":false,"2048x2048":false,"context-blog-card-slider-382X271":false,"context-blog-full-screen-slider-1440X550":false,"context-blog-gallery-slider-1-510X497":false,"context-blog-gallery-slider-2-footer-news-100X98":false,"context-blog-leaflet-slider-sidbarlatest-510X724":false,"context-blog-main-blog-1-1200X630":false,"context-blog-main-blog-2-538X382":false,"context-blog-aboutme-350X350":false,"context-blog-center-image-785X485":false},"uagb_author_info":{"display_name":"GESTIN Solenn","author_link":"https:\/\/gestinsolenn-naturopathie.fr\/?author=1"},"uagb_comment_info":0,"uagb_excerpt":"J&rsquo;aurai prochainement le plaisir de vous proposer des ateliers. Je peux intervenir dans le cadre d&rsquo;\u00e9v\u00e8nements priv\u00e9s (anniversaire, enterrement de vie de jeune fille, apr\u00e8s midi entre ami(e)s, \u2026.), professionnels (qualit\u00e9 de vie au travail) ou associatifs (\u00e9coles, associations \u00e0 caract\u00e8re social, association d&rsquo;aidants, association de soutien aux victimes de violences &#8230;). Contactez moi et\u2026","_links":{"self":[{"href":"https:\/\/gestinsolenn-naturopathie.fr\/index.php?rest_route=\/wp\/v2\/pages\/266","targetHints":{"allow":["GET"]}}],"collection":[{"href":"https:\/\/gestinsolenn-naturopathie.fr\/index.php?rest_route=\/wp\/v2\/pages"}],"about":[{"href":"https:\/\/gestinsolenn-naturopathie.fr\/index.php?rest_route=\/wp\/v2\/types\/page"}],"author":[{"embeddable":true,"href":"https:\/\/gestinsolenn-naturopathie.fr\/index.php?rest_route=\/wp\/v2\/users\/1"}],"replies":[{"embeddable":true,"href":"https:\/\/gestinsolenn-naturopathie.fr\/index.php?rest_route=%2Fwp%2Fv2%2Fcomments&post=266"}],"version-history":[{"count":1,"href":"https:\/\/gestinsolenn-naturopathie.fr\/index.php?rest_route=\/wp\/v2\/pages\/266\/revisions"}],"predecessor-version":[{"id":267,"href":"https:\/\/gestinsolenn-naturopathie.fr\/index.php?rest_route=\/wp\/v2\/pages\/266\/revisions\/267"}],"wp:attachment":[{"href":"https:\/\/gestinsolenn-naturopathie.fr\/index.php?rest_route=%2Fwp%2Fv2%2Fmedia&parent=266"}],"curies":[{"name":"wp","href":"https:\/\/api.w.org\/{rel}","templated":true}]}}