{"id":173,"date":"2026-03-09T21:35:06","date_gmt":"2026-03-09T21:35:06","guid":{"rendered":"https:\/\/gestinsolenn-naturopathie.fr\/?page_id=173"},"modified":"2026-03-30T19:07:06","modified_gmt":"2026-03-30T17:07:06","slug":"a-propos-de-moi","status":"publish","type":"page","link":"https:\/\/gestinsolenn-naturopathie.fr\/?page_id=173","title":{"rendered":"A propos de moi"},"content":{"rendered":"\n<div class=\"wp-block-uagb-image uagb-block-2ddb698a wp-block-uagb-image--layout-default wp-block-uagb-image--effect-static wp-block-uagb-image--align-none\"><figure class=\"wp-block-uagb-image__figure\"><img decoding=\"async\" srcset=\"https:\/\/gestinsolenn-naturopathie.fr\/wp-content\/uploads\/2026\/03\/eed0db28-3cd8-4173-b2a2-82cfcbb2ae21-768x1024.jpg ,https:\/\/gestinsolenn-naturopathie.fr\/wp-content\/uploads\/2026\/03\/eed0db28-3cd8-4173-b2a2-82cfcbb2ae21.jpg 780w, https:\/\/gestinsolenn-naturopathie.fr\/wp-content\/uploads\/2026\/03\/eed0db28-3cd8-4173-b2a2-82cfcbb2ae21.jpg 360w\" sizes=\"auto, (max-width: 480px) 150px\" src=\"https:\/\/gestinsolenn-naturopathie.fr\/wp-content\/uploads\/2026\/03\/eed0db28-3cd8-4173-b2a2-82cfcbb2ae21-768x1024.jpg\" alt=\"\" class=\"uag-image-182\" width=\"433\" height=\"577\" title=\"eed0db28-3cd8-4173-b2a2-82cfcbb2ae21\" loading=\"lazy\" role=\"img\"\/><\/figure><\/div>\n\n\n\n<p class=\"has-text-align-center\">Le Centre Bretagne est ma r\u00e9gion de naissance et de c\u0153ur. C&rsquo;est pour cette raison qu&rsquo;avec ma famille, nous sommes venus nous ancrer dans ce territoire en 2022. Ici, nous y avons trouv\u00e9 toutes les pi\u00e8ces du puzzle d&rsquo;une vie simple et connect\u00e9e au vivant. Prendre soin fait parti de ma mission de vie depuis que je suis toute petite, tr\u00e8s t\u00f4t j&rsquo;ai su que je voudrais \u00eatre infirmi\u00e8re pour apporter le r\u00e9confort et la douceur que j&rsquo;ai pu recevoir enfant alors que j&rsquo;ai beaucoup c\u00f4toy\u00e9 les h\u00f4pitaux. J&rsquo;ai obtenu mon D.E d&rsquo;infirmi\u00e8re en 2007. J&rsquo;ai travaill\u00e9 de nombreuses ann\u00e9es en chirurgie et soins continus, puis dans le milieu du handicap. En 2011, mon chemin professionnel a pris la voie de la sant\u00e9 mentale. Je me suis sp\u00e9cialis\u00e9 dans ce domaine (d\u00e9tresse psychologique li\u00e9e aux accidents de la vie: deuil, licenciement, s\u00e9paration; burn-out; difficult\u00e9s scolaires; parcours PMA; accompagnement des neuro-atypies \u2026). Mon chemin a crois\u00e9 celui de femmes et d&rsquo;hommes victimes de violences (harc\u00e8lement scolaire, harc\u00e8lement au travail, violences conjugales, violences sexuelles), je me suis form\u00e9 et je me forme encore pour leurs offrir un accompagnement adapt\u00e9 et s\u00e9cure. En tant que naturopathe, je peux \u00eatre un maillon de la cha\u00eene de soins vers la reconstruction, main dans la main avec les professionnels de sant\u00e9 et les acteurs locaux. <\/p>\n\n\n\n<p class=\"has-text-align-center\">J&rsquo;ai toujours \u00e9t\u00e9 au contact du vivant. La nature et les animaux ont fait partis prenante de ma vie, et aujourd&rsquo;hui encore je suis combl\u00e9e de leurs pr\u00e9sences \u00e0 mes c\u00f4t\u00e9s. Je suis issue de deux lign\u00e9es d&rsquo;agriculteurs. Ma pratique de la naturopathie porte d&rsquo;ailleurs les empreintes de ce bon sens paysan. C&rsquo;est ainsi que tr\u00e8s t\u00f4t, j&rsquo;ai port\u00e9 une attention forte aux produits que je consomme et aux produits que j&rsquo;utilise pour prendre soin de mon corps et de ma maison. Tout est loin d&rsquo;\u00eatre parfait encore, mais le propre de l&rsquo;\u00eatre humain \u00e9tant d&rsquo;\u00eatre en constante \u00e9volution, je tends vers la meilleure version de moi-m\u00eame en terme de consommation \u00e9co-responsable. Dans ce m\u00eame \u00e9tat d&rsquo;esprit, je me suis beaucoup questionn\u00e9e sur comment accompagner mon corps dans les diff\u00e9rentes \u00e9tapes de ma vie. Je me suis tourn\u00e9e vers de nombreuses alternatives qui m&rsquo;ont apport\u00e9 une compr\u00e9hension fine de mon fonctionnement et m&rsquo;ont aid\u00e9 a surmonter certaines \u00e9preuves. Alors vous imaginez qu&rsquo;\u00e0 la naissance de mes enfants, moi et mon conjoint avons redoubler d&rsquo;efforts pour faire au plus sain pour nos petits et au plus juste pour la plan\u00e8te. J&rsquo;ai suivi le cursus d&rsquo;herboristerie familiale sur 9 mois \u00e0 Ploun\u00e9our-Menez afin de soulager les maux du quotidien de ma famille. Ce f\u00fbt le point d&rsquo;ancrage de ma future reconversion vers la naturopathie. J&rsquo;y ai d\u00e9couvert le monde merveilleux des plantes m\u00e9dicinales et toutes leurs vertues.<\/p>\n\n\n\n<p class=\"has-text-align-center\">2020 \u2026. La pand\u00e9mie nous force tous a questionner nos vies, nos priorit\u00e9s. <\/p>\n\n\n\n<p class=\"has-text-align-center\">A l&rsquo;issu de quoi ce sera un retour en Centre Bretagne pour ma famille, et un projet de reconversion professionnelle pour moi. <\/p>\n\n\n\n<p class=\"has-text-align-center\">Je veux continuer de Prendre Soin mais diff\u00e9remment. Bien que je garde un pied dans l&rsquo;institution par choix car cet univers de la sant\u00e9 mentale me pla\u00eet et j&rsquo;y ai encore tant \u00e0 apprendre des Humains que je rencontre. Toutefois, je veux transmettre au plus grand nombre qu&rsquo;il est possible de prendre soin de soi, d&rsquo;\u00eatre acteur de sa sant\u00e9 par des actions cibl\u00e9es et par le soutien de produits sains et de techniques naturelles . Je me suis form\u00e9 \u00e0 la naturopathie pendant 3 ans \u00e0 l&rsquo;Institut Naturacop\u00e9e \u00e0 Saint-Hilaires-des- Landes. Cette formation m&rsquo;a passionn\u00e9, j&rsquo;y ai d\u00e9couvert des domaines jusque l\u00e0 inconnu pour moi comme l&rsquo;apith\u00e9rapie, l&rsquo;olfactoth\u00e9rapie, la gemmoth\u00e9rapie, les fleurs de Bach et tant d&rsquo;autres. J&rsquo;ai obtenu mon certificat de praticien Naturopathe en octobre 2025.  J&rsquo;ai eu \u00e0 c\u0153ur de compl\u00e9ter cette formation par une formation en E.F.T (Emotional Freedom Technique) qui est une technique de lib\u00e9ration \u00e9motionnelle et une formation en massage assis et cr\u00e2nien. Cela me permet de vous proposer un accompagnement complet physique, \u00e9motionnel et \u00e9nerg\u00e9tique. <\/p>\n\n\n\n<p class=\"has-text-align-center\">C&rsquo;est donc avec beaucoup d&rsquo;enthousiasme et de gratitude que j&rsquo;ouvre mon cabinet de naturopathe \u00e0 Carhaix, au c\u0153ur de ma bretagne ch\u00e9rie. Cette nouvelle aventure me met en joie de vous rencontrer dans ce lieu que j&rsquo;ai voulu douillet et chaleureux afin de vous proposer mes accompagnements avec professionnalisme, empathie et bienveillance. <\/p>\n\n\n\n<p class=\"has-text-align-center\">Au plaisir de vous rencontrer et de vous accompagner vers la sant\u00e9.<\/p>\n\n\n\n<div class=\"wp-block-uagb-image uagb-block-d93fbfd4 wp-block-uagb-image--layout-default wp-block-uagb-image--effect-static wp-block-uagb-image--align-none\"><figure class=\"wp-block-uagb-image__figure\"><img decoding=\"async\" srcset=\"https:\/\/gestinsolenn-naturopathie.fr\/wp-content\/uploads\/2026\/02\/cropped-Votre-texte-de-paragraphe-Cartes-de-visite-arrondies-Portrait-Cartes-de-visite-Portrait-3-1.png ,https:\/\/gestinsolenn-naturopathie.fr\/wp-content\/uploads\/2026\/02\/cropped-Votre-texte-de-paragraphe-Cartes-de-visite-arrondies-Portrait-Cartes-de-visite-Portrait-3-1.png 780w, https:\/\/gestinsolenn-naturopathie.fr\/wp-content\/uploads\/2026\/02\/cropped-Votre-texte-de-paragraphe-Cartes-de-visite-arrondies-Portrait-Cartes-de-visite-Portrait-3-1.png 360w\" sizes=\"auto, (max-width: 480px) 150px\" src=\"https:\/\/gestinsolenn-naturopathie.fr\/wp-content\/uploads\/2026\/02\/cropped-Votre-texte-de-paragraphe-Cartes-de-visite-arrondies-Portrait-Cartes-de-visite-Portrait-3-1.png\" alt=\"\" class=\"uag-image-87\" width=\"331\" height=\"331\" title=\"cropped-Votre-texte-de-paragraphe-Cartes-de-visite-arrondies-Portrait-Cartes-de-visite-Portrait-3-1.png\" loading=\"lazy\" role=\"img\"\/><\/figure><\/div>\n","protected":false},"excerpt":{"rendered":"<p>Le Centre Bretagne est ma r\u00e9gion de naissance et de c\u0153ur. C&rsquo;est pour cette raison qu&rsquo;avec ma famille, nous sommes venus nous ancrer dans ce territoire en 2022. Ici, nous y avons trouv\u00e9 toutes les pi\u00e8ces du puzzle d&rsquo;une vie simple et connect\u00e9e au vivant. Prendre soin fait parti de ma mission de vie depuis [&hellip;]<\/p>\n","protected":false},"author":1,"featured_media":0,"parent":0,"menu_order":0,"comment_status":"closed","ping_status":"closed","template":"","meta":{"_uag_custom_page_level_css":"","footnotes":""},"class_list":["post-173","page","type-page","status-publish","hentry"],"_hostinger_reach_plugin_has_subscription_block":false,"_hostinger_reach_plugin_is_elementor":false,"uagb_featured_image_src":{"full":false,"thumbnail":false,"medium":false,"medium_large":false,"large":false,"1536x1536":false,"2048x2048":false,"context-blog-card-slider-382X271":false,"context-blog-full-screen-slider-1440X550":false,"context-blog-gallery-slider-1-510X497":false,"context-blog-gallery-slider-2-footer-news-100X98":false,"context-blog-leaflet-slider-sidbarlatest-510X724":false,"context-blog-main-blog-1-1200X630":false,"context-blog-main-blog-2-538X382":false,"context-blog-aboutme-350X350":false,"context-blog-center-image-785X485":false},"uagb_author_info":{"display_name":"GESTIN Solenn","author_link":"https:\/\/gestinsolenn-naturopathie.fr\/?author=1"},"uagb_comment_info":0,"uagb_excerpt":"Le Centre Bretagne est ma r\u00e9gion de naissance et de c\u0153ur. C&rsquo;est pour cette raison qu&rsquo;avec ma famille, nous sommes venus nous ancrer dans ce territoire en 2022. Ici, nous y avons trouv\u00e9 toutes les pi\u00e8ces du puzzle d&rsquo;une vie simple et connect\u00e9e au vivant. Prendre soin fait parti de ma mission de vie depuis\u2026","_links":{"self":[{"href":"https:\/\/gestinsolenn-naturopathie.fr\/index.php?rest_route=\/wp\/v2\/pages\/173","targetHints":{"allow":["GET"]}}],"collection":[{"href":"https:\/\/gestinsolenn-naturopathie.fr\/index.php?rest_route=\/wp\/v2\/pages"}],"about":[{"href":"https:\/\/gestinsolenn-naturopathie.fr\/index.php?rest_route=\/wp\/v2\/types\/page"}],"author":[{"embeddable":true,"href":"https:\/\/gestinsolenn-naturopathie.fr\/index.php?rest_route=\/wp\/v2\/users\/1"}],"replies":[{"embeddable":true,"href":"https:\/\/gestinsolenn-naturopathie.fr\/index.php?rest_route=%2Fwp%2Fv2%2Fcomments&post=173"}],"version-history":[{"count":7,"href":"https:\/\/gestinsolenn-naturopathie.fr\/index.php?rest_route=\/wp\/v2\/pages\/173\/revisions"}],"predecessor-version":[{"id":310,"href":"https:\/\/gestinsolenn-naturopathie.fr\/index.php?rest_route=\/wp\/v2\/pages\/173\/revisions\/310"}],"wp:attachment":[{"href":"https:\/\/gestinsolenn-naturopathie.fr\/index.php?rest_route=%2Fwp%2Fv2%2Fmedia&parent=173"}],"curies":[{"name":"wp","href":"https:\/\/api.w.org\/{rel}","templated":true}]}}