{"id":143,"date":"2026-02-23T05:40:48","date_gmt":"2026-02-23T05:40:48","guid":{"rendered":"https:\/\/gestinsolenn-naturopathie.fr\/?page_id=143"},"modified":"2026-03-30T18:28:42","modified_gmt":"2026-03-30T16:28:42","slug":"tu-es-au-bon-endroit-pour-prendre-soin-de-ta-sante-naturellement","status":"publish","type":"page","link":"https:\/\/gestinsolenn-naturopathie.fr\/","title":{"rendered":"Vous \u00eates au bon endroit si vous recherchez a prendre soin de vous naturellement."},"content":{"rendered":"\n<div class=\"wp-block-uagb-image uagb-block-d276e468 wp-block-uagb-image--layout-default wp-block-uagb-image--effect-static wp-block-uagb-image--align-none\"><figure class=\"wp-block-uagb-image__figure\"><img decoding=\"async\" srcset=\"https:\/\/gestinsolenn-naturopathie.fr\/wp-content\/uploads\/2026\/03\/IMG_20260316_130505-768x1024.jpg ,https:\/\/gestinsolenn-naturopathie.fr\/wp-content\/uploads\/2026\/03\/IMG_20260316_130505-scaled.jpg 780w, https:\/\/gestinsolenn-naturopathie.fr\/wp-content\/uploads\/2026\/03\/IMG_20260316_130505-scaled.jpg 360w\" sizes=\"auto, (max-width: 480px) 150px\" src=\"https:\/\/gestinsolenn-naturopathie.fr\/wp-content\/uploads\/2026\/03\/IMG_20260316_130505-768x1024.jpg\" alt=\"\" class=\"uag-image-276\" width=\"442\" height=\"589\" title=\"IMG_20260316_130505\" loading=\"lazy\" role=\"img\"\/><\/figure><\/div>\n\n\n\n<h2 class=\"wp-block-heading has-text-align-center\">Ici, c&rsquo;est une approche douce et sur-mesure qui est pens\u00e9e pour vous.<\/h2>\n\n\n\n<p class=\"has-text-align-center\">La naturopathie est reconnue par l&rsquo;O.M.S (Organisation Mondiale de la Sant\u00e9) comme la 3\u00e8me <strong>m\u00e9decine traditionnelle<\/strong>, avec la M\u00e9decine Traditionnelle Chinoise et l&rsquo;Ayurv\u00e9da.<\/p>\n\n\n\n<p class=\"has-text-align-center\">Dans un monde o\u00f9 tout va si vite, le mode de vie moderne pousse les \u00eatres humains \u00e0 toujours plus de performances dans tous les domaines de la vie. Alors le lien \u00e0 la Nature, \u00e0 laquelle nous appartenons, peut se faire de plus en plus fin pour certains. Souvent quand on se d\u00e9connecte de sa nature profonde et du milieu naturel environnent, <strong>le corps envoie des signaux<\/strong> d&rsquo;alerte. Ils se feront de plus en plus forts jusqu&rsquo;\u00e0 \u00eatre \u00e9cout\u00e9s. C&rsquo;est l\u00e0 que ma sensibilit\u00e9 et mon exp\u00e9rience interviennent pour vous guider.<\/p>\n\n\n\n<p class=\"has-text-align-center\">Je vous offre une possibilit\u00e9 de ralentir, de rel\u00e2cher la pression. Je vous accompagne pour vous reconnecter \u00e0 vous m\u00eame, \u00e0 faire confiance \u00e0 vos ressentis, \u00e0 votre corps et \u00e0 vos \u00e9motions. <strong>Vous avez en vous toutes les capacit\u00e9s pour acc\u00e9der \u00e0 un mieux-\u00eatre. <\/strong>Ensemble, on va construire un plan d&rsquo;actions adapt\u00e9es \u00e0 vos besoins en tenant compte de vos possibilit\u00e9s et de vos contraintes.<\/p>\n\n\n\n<p class=\"has-text-align-center\">Mes accompagnements ont comme piliers : l&rsquo;<strong>\u00e9quilibre alimentaire<\/strong>, le <strong>soin par les plantes <\/strong>(gemmoth\u00e9rapie, aromath\u00e9rapie olfactive, phytoth\u00e9rapie), l&rsquo;<strong>accompagnement \u00e9motionnel <\/strong>(Emotional Freedom Technique, respiration, relaxation, massage assis et cr\u00e2nien), l&rsquo;apith\u00e9rapie (soins par le biais des produits de la ruche) et <strong>le mouvement<\/strong>.<\/p>\n\n\n\n<p class=\"has-text-align-center\">Mon approche s&rsquo;inscrit dans une <strong>d\u00e9marche int\u00e9grative.<\/strong> Cela signifie que mes accompagnements sont <strong>compl\u00e9mentaires<\/strong> \u00e0 toute prise en charge m\u00e9dicale ou param\u00e9dicale (psychologue, kin\u00e9sith\u00e9rapeute, sage-femme\u2026). Ils ne se substituent en aucun cas \u00e0 ces prises en charges, ni \u00e0 la prise d&rsquo;un traitement m\u00e9dicamenteux. Au contraire, si j&rsquo;ai un doute je serai peut-\u00eatre amen\u00e9 \u00e0 vous orienter vers votre m\u00e9decin en premi\u00e8re intention avant de vous proposer un accompagnement. De m\u00eame, si vous prenez un traitement m\u00e9dicamenteux, je me r\u00e9f\u00e8rerai toujours \u00e0 la science pour m&rsquo;assurer de la comptabilit\u00e9 de mes conseils avec ce traitement. Et je resterai toujours ouverte \u00e0 l&rsquo;\u00e9change si vos professionnels souhaitent \u00e9changer avec moi.<\/p>\n\n\n\n<p class=\"has-text-align-center\">J&rsquo;interviens \u00e9galement \u00e0 l&rsquo;ext\u00e9rieur. Mes interventions visent \u00e0 promouvoir et sensibiliser sur des th\u00e9matiques qui me sont ch\u00e8res: \u00e9ducation \u00e0 la sant\u00e9, pr\u00e9vention des maladies par l&rsquo;hygi\u00e8ne de vie, sensibilisation aux rem\u00e8des naturels \u2026.. J&rsquo;interviens en centre de formations, en \u00e9cole, dans le milieu associatif et dans le milieu professionnel. Et oui, on le sait parfois le monde du travail peut  mettre \u00e0 mal la sant\u00e9 physique et mentale des employ\u00e9s. Si vous \u00eates chef d&rsquo;entreprise, et que vous vous souciez de la qualit\u00e9 de vie de vos collaborateurs, nous pouvons associer nos expertises pour \u0153uvrer \u00e0 un <strong>mieux \u00eatre au travail. <\/strong><\/p>\n\n\n\n<p class=\"has-text-align-center\">Mon cabinet est ouvert \u00e0 toutes et tous, petits et grands, pourvu que vous soyez pr\u00eat \u00e0 op\u00e9rer des changements durables dans vos habitudes de vie et votre quotidien. <\/p>\n\n\n\n<div class=\"wp-block-uagb-image uagb-block-29864e70 wp-block-uagb-image--layout-default wp-block-uagb-image--effect-static wp-block-uagb-image--align-none\"><figure class=\"wp-block-uagb-image__figure\"><img decoding=\"async\" srcset=\"https:\/\/gestinsolenn-naturopathie.fr\/wp-content\/uploads\/2026\/02\/leaf-edited.jpg ,https:\/\/gestinsolenn-naturopathie.fr\/wp-content\/uploads\/2026\/02\/leaf-edited.jpg 780w, https:\/\/gestinsolenn-naturopathie.fr\/wp-content\/uploads\/2026\/02\/leaf-edited.jpg 360w\" sizes=\"auto, (max-width: 480px) 150px\" src=\"https:\/\/gestinsolenn-naturopathie.fr\/wp-content\/uploads\/2026\/02\/leaf-edited.jpg\" alt=\"\" class=\"uag-image-76\" width=\"404\" height=\"404\" title=\"leaf.jpg\" loading=\"lazy\" role=\"img\"\/><\/figure><\/div>\n","protected":false},"excerpt":{"rendered":"<p>Ici, c&rsquo;est une approche douce et sur-mesure qui est pens\u00e9e pour vous. La naturopathie est reconnue par l&rsquo;O.M.S (Organisation Mondiale de la Sant\u00e9) comme la 3\u00e8me m\u00e9decine traditionnelle, avec la M\u00e9decine Traditionnelle Chinoise et l&rsquo;Ayurv\u00e9da. Dans un monde o\u00f9 tout va si vite, le mode de vie moderne pousse les \u00eatres humains \u00e0 toujours plus [&hellip;]<\/p>\n","protected":false},"author":1,"featured_media":0,"parent":0,"menu_order":0,"comment_status":"closed","ping_status":"closed","template":"","meta":{"_uag_custom_page_level_css":"","footnotes":""},"class_list":["post-143","page","type-page","status-publish","hentry"],"_hostinger_reach_plugin_has_subscription_block":false,"_hostinger_reach_plugin_is_elementor":false,"uagb_featured_image_src":{"full":false,"thumbnail":false,"medium":false,"medium_large":false,"large":false,"1536x1536":false,"2048x2048":false,"context-blog-card-slider-382X271":false,"context-blog-full-screen-slider-1440X550":false,"context-blog-gallery-slider-1-510X497":false,"context-blog-gallery-slider-2-footer-news-100X98":false,"context-blog-leaflet-slider-sidbarlatest-510X724":false,"context-blog-main-blog-1-1200X630":false,"context-blog-main-blog-2-538X382":false,"context-blog-aboutme-350X350":false,"context-blog-center-image-785X485":false},"uagb_author_info":{"display_name":"GESTIN Solenn","author_link":"https:\/\/gestinsolenn-naturopathie.fr\/?author=1"},"uagb_comment_info":0,"uagb_excerpt":"Ici, c&rsquo;est une approche douce et sur-mesure qui est pens\u00e9e pour vous. La naturopathie est reconnue par l&rsquo;O.M.S (Organisation Mondiale de la Sant\u00e9) comme la 3\u00e8me m\u00e9decine traditionnelle, avec la M\u00e9decine Traditionnelle Chinoise et l&rsquo;Ayurv\u00e9da. Dans un monde o\u00f9 tout va si vite, le mode de vie moderne pousse les \u00eatres humains \u00e0 toujours plus\u2026","_links":{"self":[{"href":"https:\/\/gestinsolenn-naturopathie.fr\/index.php?rest_route=\/wp\/v2\/pages\/143","targetHints":{"allow":["GET"]}}],"collection":[{"href":"https:\/\/gestinsolenn-naturopathie.fr\/index.php?rest_route=\/wp\/v2\/pages"}],"about":[{"href":"https:\/\/gestinsolenn-naturopathie.fr\/index.php?rest_route=\/wp\/v2\/types\/page"}],"author":[{"embeddable":true,"href":"https:\/\/gestinsolenn-naturopathie.fr\/index.php?rest_route=\/wp\/v2\/users\/1"}],"replies":[{"embeddable":true,"href":"https:\/\/gestinsolenn-naturopathie.fr\/index.php?rest_route=%2Fwp%2Fv2%2Fcomments&post=143"}],"version-history":[{"count":10,"href":"https:\/\/gestinsolenn-naturopathie.fr\/index.php?rest_route=\/wp\/v2\/pages\/143\/revisions"}],"predecessor-version":[{"id":278,"href":"https:\/\/gestinsolenn-naturopathie.fr\/index.php?rest_route=\/wp\/v2\/pages\/143\/revisions\/278"}],"wp:attachment":[{"href":"https:\/\/gestinsolenn-naturopathie.fr\/index.php?rest_route=%2Fwp%2Fv2%2Fmedia&parent=143"}],"curies":[{"name":"wp","href":"https:\/\/api.w.org\/{rel}","templated":true}]}}