{"id":124,"date":"2026-02-23T05:29:14","date_gmt":"2026-02-23T05:29:14","guid":{"rendered":"https:\/\/gestinsolenn-naturopathie.fr\/?page_id=124"},"modified":"2026-03-30T16:35:55","modified_gmt":"2026-03-30T14:35:55","slug":"la-naturopathie","status":"publish","type":"page","link":"https:\/\/gestinsolenn-naturopathie.fr\/?page_id=124","title":{"rendered":"La naturopathie"},"content":{"rendered":"\n<p class=\"has-text-align-center\">La naturopathie est une m\u00e9decine dite \u00ab\u00a0non conventionnelle\u00a0\u00bb, elle fait partie des <strong>m\u00e9decines traditionnelles<\/strong> au c\u00f4t\u00e9 de la m\u00e9decine chinoise et de l&rsquo;ayurv\u00e9da. Le secteur est en pleine restructuration afin de garantir s\u00e9curit\u00e9 et professionnalisme aux consultants. C&rsquo;est dans cette intention de gage de s\u00e9rieux que j&rsquo;ai choisi une formation avec un nombre d&rsquo;heure minimum de 1400h, bas\u00e9e sur la <strong>recherche scientifique<\/strong> et encadr\u00e9e de formateurs issus du milieu m\u00e9dical et param\u00e9dical (Dr en pharmacie, kin\u00e9sith\u00e9rapeute, aromath\u00e9rapeute, di\u00e9t\u00e9ticienne \u2026). C&rsquo;est \u00e9galement pour cela que je suis <strong>en cours de certification \u00e0 l&rsquo;OMNES<\/strong>, qui est la premi\u00e8re organisation professionnelle encadrant les naturopathes en France. <\/p>\n\n\n\n<p class=\"has-text-align-center\">La naturopathie est une approche dite \u00ab\u00a0<strong>holistique<\/strong>\u00a0\u00bb c&rsquo;est \u00e0 dire que le naturopathe va s&rsquo;int\u00e9resser \u00e0 vous dans votre globalit\u00e9, toutes les sph\u00e8res vous composants vont \u00eatre questionn\u00e9es: le physique, le mental, l&rsquo;\u00e9motionnel, votre environnement social et familial, votre environnement professionnel ou scolaire, vos habitudes de vie \u2026 Elle s\u2019inscrit dans une dynamique de <strong>compl\u00e9mentarit\u00e9 avec la m\u00e9decine conventionnelle<\/strong> et avec les autres th\u00e9rapies, au service d\u2019une approche int\u00e9gr\u00e9e de la sant\u00e9.<\/p>\n\n\n\n<p class=\"has-text-align-center\">Le naturopathe dispose de 10 techniques principales pour composer sa bo\u00eete \u00e0 outils de l&rsquo;accompagnement naturel. <\/p>\n\n\n\n<div class=\"wp-block-uagb-image uagb-block-3b97d882 wp-block-uagb-image--layout-default wp-block-uagb-image--effect-static wp-block-uagb-image--align-none\"><figure class=\"wp-block-uagb-image__figure\"><img decoding=\"async\" srcset=\"https:\/\/gestinsolenn-naturopathie.fr\/wp-content\/uploads\/2026\/03\/pexels-tara-winstead-6694182-1024x683.jpg ,https:\/\/gestinsolenn-naturopathie.fr\/wp-content\/uploads\/2026\/03\/pexels-tara-winstead-6694182-scaled.jpg 780w, https:\/\/gestinsolenn-naturopathie.fr\/wp-content\/uploads\/2026\/03\/pexels-tara-winstead-6694182-scaled.jpg 360w\" sizes=\"auto, (max-width: 480px) 150px\" src=\"https:\/\/gestinsolenn-naturopathie.fr\/wp-content\/uploads\/2026\/03\/pexels-tara-winstead-6694182-1024x683.jpg\" alt=\"\" class=\"uag-image-212\" width=\"462\" height=\"308\" title=\"pexels-tara-winstead-6694182\" loading=\"lazy\" role=\"img\"\/><\/figure><\/div>\n\n\n\n<p class=\"has-text-align-center\">Les trois techniques principales sont: l<strong>&lsquo;alimentation<\/strong>, l&rsquo;<strong>\u00e9quilibre \u00e9motionnel<\/strong> et le <strong>mouvement.<\/strong><\/p>\n\n\n\n<p class=\"has-text-align-center\">Les sept techniques secondaires sont: l&rsquo;hydrologie, la phytologie, les techniques manuelles, les techniques r\u00e9flexes, les techniques respiratoires, les techniques \u00e9nerg\u00e9tiques et les techniques vibratoires. <\/p>\n\n\n\n<p class=\"has-text-align-center\"> Ce qui compose principalement ma bo\u00eete \u00e0 outils de naturopathe est l&rsquo;apith\u00e9rapie, la phytoth\u00e9rapie, l&rsquo;alimentation, le r\u00e9\u00e9quilibrage \u00e9motionnel et le mouvement. <\/p>\n\n\n\n<p class=\"has-text-align-center\">L&rsquo;<strong>alimentation<\/strong> est le socle de base de mon travail. En effet, elle repr\u00e9sente les briques de votre maison: votre corps. Nous allons voir ensemble comment optimiser votre alimentation en fonction de ce que votre corps a besoin pour fonctionner, dans vos conditions de vie. <\/p>\n\n\n\n<div class=\"wp-block-uagb-image uagb-block-c6057334 wp-block-uagb-image--layout-default wp-block-uagb-image--effect-static wp-block-uagb-image--align-none\"><figure class=\"wp-block-uagb-image__figure\"><img decoding=\"async\" srcset=\"https:\/\/gestinsolenn-naturopathie.fr\/wp-content\/uploads\/2026\/03\/pexels-janetrangdoan-1099680-1024x683.jpg ,https:\/\/gestinsolenn-naturopathie.fr\/wp-content\/uploads\/2026\/03\/pexels-janetrangdoan-1099680.jpg 780w, https:\/\/gestinsolenn-naturopathie.fr\/wp-content\/uploads\/2026\/03\/pexels-janetrangdoan-1099680.jpg 360w\" sizes=\"auto, (max-width: 480px) 150px\" src=\"https:\/\/gestinsolenn-naturopathie.fr\/wp-content\/uploads\/2026\/03\/pexels-janetrangdoan-1099680-1024x683.jpg\" alt=\"\" class=\"uag-image-231\" width=\"425\" height=\"283\" title=\"pexels-janetrangdoan-1099680\" loading=\"lazy\" role=\"img\"\/><\/figure><\/div>\n\n\n\n<p class=\"has-text-align-center\">L&rsquo; <strong>apith\u00e9rapie<\/strong> est l&rsquo;art de manier les produits de la ruche (pollen, propolis, miel, gel\u00e9e royale) en interne ou en externe pour en tirer tous les bienfaits pour votre sant\u00e9. <\/p>\n\n\n\n<p class=\"has-text-align-center\">La <strong>phytoth\u00e9rapie<\/strong> consiste a prendre soin par les plantes. Pour cela, je peux avoir recours aux hydrolats (ou eau florale), \u00e0 la gemmoth\u00e9rapie (soin \u00e0 base de mac\u00e9rat de bourgeons), les fleurs de Bach et l&rsquo;olfactoth\u00e9rapie. <\/p>\n\n\n\n<div class=\"wp-block-uagb-image uagb-block-cd6389b5 wp-block-uagb-image--layout-default wp-block-uagb-image--effect-static wp-block-uagb-image--align-none\"><figure class=\"wp-block-uagb-image__figure\"><img decoding=\"async\" srcset=\"https:\/\/gestinsolenn-naturopathie.fr\/wp-content\/uploads\/2026\/03\/20220428_154401-768x1024.jpg ,https:\/\/gestinsolenn-naturopathie.fr\/wp-content\/uploads\/2026\/03\/20220428_154401-scaled.jpg 780w, https:\/\/gestinsolenn-naturopathie.fr\/wp-content\/uploads\/2026\/03\/20220428_154401-scaled.jpg 360w\" sizes=\"auto, (max-width: 480px) 150px\" src=\"https:\/\/gestinsolenn-naturopathie.fr\/wp-content\/uploads\/2026\/03\/20220428_154401-768x1024.jpg\" alt=\"\" class=\"uag-image-207\" width=\"407\" height=\"267\" title=\"20220428_154401\" loading=\"lazy\" role=\"img\"\/><\/figure><\/div>\n\n\n\n<p class=\"has-text-align-center\">Je vous aiderai \u00e0 r\u00e9\u00e9quilibrer votre sph\u00e8re \u00e9motionnel dans un premier temps en vous offrant un espace s\u00e9cure pour venir d\u00e9poser ce qui vous p\u00e8se, une \u00e9coute attentive et active, dans un esprit de relation d&rsquo;aide, de soutien et de bienveillance. Puis, bien souvent un travail sur la <strong>respiration<\/strong> et la <strong>relaxation<\/strong> sont les bienvenus pour r\u00e9guler le syst\u00e8me nerveux. Si n\u00e9cessaire ou si c&rsquo;est le motif de la consultation, je pourrai vous proposer un accompagnement en <strong>E.F.T<\/strong> ou un <strong>massage assis ou cr\u00e2nien<\/strong>.<\/p>\n\n\n\n<div class=\"wp-block-uagb-image uagb-block-6bd593d6 wp-block-uagb-image--layout-default wp-block-uagb-image--effect-static wp-block-uagb-image--align-none\"><figure class=\"wp-block-uagb-image__figure\"><img decoding=\"async\" srcset=\"https:\/\/gestinsolenn-naturopathie.fr\/wp-content\/uploads\/2026\/03\/OIP.webp ,https:\/\/gestinsolenn-naturopathie.fr\/wp-content\/uploads\/2026\/03\/OIP.webp 780w, https:\/\/gestinsolenn-naturopathie.fr\/wp-content\/uploads\/2026\/03\/OIP.webp 360w\" sizes=\"auto, (max-width: 480px) 150px\" src=\"https:\/\/gestinsolenn-naturopathie.fr\/wp-content\/uploads\/2026\/03\/OIP.webp\" alt=\"\" class=\"uag-image-222\" width=\"506\" height=\"337\" title=\"OIP\" loading=\"lazy\" role=\"img\"\/><\/figure><\/div>\n\n\n\n<p class=\"has-text-align-center\">Enfin, j&rsquo;aurai \u00e9galement \u00e0 c\u0153ur de vous orienter vers une mise en <strong>mouvement<\/strong> si besoin. L&rsquo;\u00e9quilibre de votre corps et de votre mental d\u00e9pend grandement du mouvement. Bien entendu pas question ici de sport de haut niveau, juste remettre du mouvement dans votre quotidien, selon vos capacit\u00e9s et \u00e0 votre rythme. <\/p>\n\n\n\n<div class=\"wp-block-uagb-image uagb-block-5706b450 wp-block-uagb-image--layout-default wp-block-uagb-image--effect-static wp-block-uagb-image--align-none\"><figure class=\"wp-block-uagb-image__figure\"><img decoding=\"async\" srcset=\"https:\/\/gestinsolenn-naturopathie.fr\/wp-content\/uploads\/2026\/03\/marcheurs.webp ,https:\/\/gestinsolenn-naturopathie.fr\/wp-content\/uploads\/2026\/03\/marcheurs.webp 780w, https:\/\/gestinsolenn-naturopathie.fr\/wp-content\/uploads\/2026\/03\/marcheurs.webp 360w\" sizes=\"auto, (max-width: 480px) 150px\" src=\"https:\/\/gestinsolenn-naturopathie.fr\/wp-content\/uploads\/2026\/03\/marcheurs.webp\" alt=\"\" class=\"uag-image-225\" width=\"388\" height=\"289\" title=\"marcheurs\" loading=\"lazy\" role=\"img\"\/><\/figure><\/div>\n\n\n\n<p class=\"has-text-align-center\">Avant votre premi\u00e8re s\u00e9ance vous aurez un document a remplir et a me renvoyer lors du 1er rendez-vous. Il s&rsquo;agit du <strong>carnet de bord alimentaire<\/strong>, c&rsquo;est un exercice qui consiste a noter sur plusieurs jours tout ce que vous manger ou buvez et l&rsquo;\u00e9tat \u00e9motionnel dans lequel vous vous trouvez \u00e0 ce moment. <\/p>\n\n\n\n<p class=\"has-text-align-center\">Le d\u00e9roulement de la premi\u00e8re s\u00e9ance de naturopathie consiste surtout en un recueil pr\u00e9cis et le plus large possible de vos habitudes de vies, de vos ant\u00e9c\u00e9dents, de vos contraintes, de vos besoins. C&rsquo;est ce que l&rsquo;on appelle l&rsquo;anamn\u00e8se dans notre jargon. Cela dure en moyenne 1h30. <\/p>\n\n\n\n<p class=\"has-text-align-center\">Cette anamn\u00e8se sera la base pour que je puisse dresser votre bilan de vitalit\u00e9. C&rsquo;est \u00e0 dire mettre en \u00e9vidence les dysfonctionnements observ\u00e9s mais \u00e9galement les leviers sur lesquels vous allez pouvoir vous appuyez. Sans vous en rendre compte vous faites d\u00e9j\u00e0 pleins de choses positives pour votre bien-\u00eatre. A partir de cela, je pourrai \u00e9tablir un plan d&rsquo;action et \u00e9laborer mes conseils personnalis\u00e9s.<\/p>\n\n\n\n<p class=\"has-text-align-center\">Vous recevrez un mail sous 3 jours avec mes conseils d\u00e9taill\u00e9s, expliqu\u00e9s et comment\u00e9s. <\/p>\n\n\n\n<p class=\"has-text-align-center\">Les consultations de suivi dure 45 minutes. Elles nous permettent d&rsquo;\u00e9changer sur les conseils que vous avez pu mettre en place, vos questions, vos difficult\u00e9s. Cela me permet d&rsquo;ajuster votre suivi \u00e0 vos besoins du moment. <\/p>\n\n\n\n<p class=\"has-text-align-center\">La naturopathie s&rsquo;adresse \u00e0 tous le monde, de tous \u00e2ges. Personnellement, je ne prends en accompagnement les enfants qu&rsquo;\u00e0 partir de 4 ans. Je prendrai soin de vous r\u00e9orienter vers un professionnel de la petite enfance si besoin.  <\/p>\n\n\n\n<p class=\"has-text-align-center\">Vous pouvez prendre rendez-vous avec moi en pr\u00e9vention, c&rsquo;est-\u00e0-dire que vous n&rsquo;avez pas de probl\u00e8me particulier mais vous \u00eates d\u00e9sireux d&rsquo;optimiser vos capacit\u00e9s et votre capital bien-\u00eatre. <\/p>\n\n\n\n<p>Ou deuxi\u00e8me cas de figure, vous avez un probl\u00e8me de sant\u00e9 et vous avez besoin d&rsquo;\u00eatre guid\u00e9 vers le retour \u00e0 un \u00e9quilibre. Il n&rsquo;y a pas de liste exhaustive de probl\u00e8mes de sant\u00e9 dans quel cas venir me rencontrer, les motifs peuvent \u00eatre tr\u00e8s vari\u00e9s: <\/p>\n\n\n\n<ul class=\"wp-block-list\">\n<li>probl\u00e8mes de peau,<\/li>\n\n\n\n<li>probl\u00e8mes ost\u00e9oarticulaires,<\/li>\n\n\n\n<li>accidents de la vie (deuil, s\u00e9paration, licenciement \u2026),<\/li>\n\n\n\n<li>probl\u00e8mes psychologiques (anxi\u00e9t\u00e9, trouble du sommeil, neuro-atypies, difficult\u00e9s scolaires, burn-out, \u00e9puisement parental, violences subies \u2026),<\/li>\n\n\n\n<li>probl\u00e8mes digestifs<\/li>\n\n\n\n<li>lors d&rsquo;un parcours PMA<\/li>\n\n\n\n<li>en pr\u00e9paration d&rsquo;examens (examens scolaires, permis de conduire)<\/li>\n\n\n\n<li>en compl\u00e9ment de votre accompagnement m\u00e9dical lors de maladie chronique (diab\u00e8te, endom\u00e9triose, hypertension art\u00e9rielle, maladies c\u0153liaques, &#8230;)<\/li>\n<\/ul>\n\n\n\n<p class=\"has-text-align-center\"><strong>Le mieux est que vous preniez contact avec moi si vous doutez et on en \u00e9change simplement. Mais la naturopathie peut apporter bien-\u00eatre et s\u00e9r\u00e9nit\u00e9 dans tellement de situations, ce serait dommage d&rsquo;attendre pour savourer la vie \u00e0 pleine dents.<\/strong><\/p>\n\n\n\n<div class=\"wp-block-uagb-image uagb-block-83f7de48 wp-block-uagb-image--layout-default wp-block-uagb-image--effect-static wp-block-uagb-image--align-none\"><figure class=\"wp-block-uagb-image__figure\"><img decoding=\"async\" srcset=\"https:\/\/gestinsolenn-naturopathie.fr\/wp-content\/uploads\/2026\/03\/lib-emotionnelle.jpg ,https:\/\/gestinsolenn-naturopathie.fr\/wp-content\/uploads\/2026\/03\/lib-emotionnelle.jpg 780w, https:\/\/gestinsolenn-naturopathie.fr\/wp-content\/uploads\/2026\/03\/lib-emotionnelle.jpg 360w\" sizes=\"auto, (max-width: 480px) 150px\" src=\"https:\/\/gestinsolenn-naturopathie.fr\/wp-content\/uploads\/2026\/03\/lib-emotionnelle.jpg\" alt=\"\" class=\"uag-image-228\" width=\"474\" height=\"255\" title=\"lib \u00e9motionnelle\" loading=\"lazy\" role=\"img\"\/><\/figure><\/div>\n","protected":false},"excerpt":{"rendered":"<p>La naturopathie est une m\u00e9decine dite \u00ab\u00a0non conventionnelle\u00a0\u00bb, elle fait partie des m\u00e9decines traditionnelles au c\u00f4t\u00e9 de la m\u00e9decine chinoise et de l&rsquo;ayurv\u00e9da. Le secteur est en pleine restructuration afin de garantir s\u00e9curit\u00e9 et professionnalisme aux consultants. C&rsquo;est dans cette intention de gage de s\u00e9rieux que j&rsquo;ai choisi une formation avec un nombre d&rsquo;heure minimum [&hellip;]<\/p>\n","protected":false},"author":1,"featured_media":0,"parent":0,"menu_order":0,"comment_status":"closed","ping_status":"closed","template":"","meta":{"_uag_custom_page_level_css":"","footnotes":""},"class_list":["post-124","page","type-page","status-publish","hentry"],"_hostinger_reach_plugin_has_subscription_block":false,"_hostinger_reach_plugin_is_elementor":false,"uagb_featured_image_src":{"full":false,"thumbnail":false,"medium":false,"medium_large":false,"large":false,"1536x1536":false,"2048x2048":false,"context-blog-card-slider-382X271":false,"context-blog-full-screen-slider-1440X550":false,"context-blog-gallery-slider-1-510X497":false,"context-blog-gallery-slider-2-footer-news-100X98":false,"context-blog-leaflet-slider-sidbarlatest-510X724":false,"context-blog-main-blog-1-1200X630":false,"context-blog-main-blog-2-538X382":false,"context-blog-aboutme-350X350":false,"context-blog-center-image-785X485":false},"uagb_author_info":{"display_name":"GESTIN Solenn","author_link":"https:\/\/gestinsolenn-naturopathie.fr\/?author=1"},"uagb_comment_info":0,"uagb_excerpt":"La naturopathie est une m\u00e9decine dite \u00ab\u00a0non conventionnelle\u00a0\u00bb, elle fait partie des m\u00e9decines traditionnelles au c\u00f4t\u00e9 de la m\u00e9decine chinoise et de l&rsquo;ayurv\u00e9da. Le secteur est en pleine restructuration afin de garantir s\u00e9curit\u00e9 et professionnalisme aux consultants. C&rsquo;est dans cette intention de gage de s\u00e9rieux que j&rsquo;ai choisi une formation avec un nombre d&rsquo;heure minimum\u2026","_links":{"self":[{"href":"https:\/\/gestinsolenn-naturopathie.fr\/index.php?rest_route=\/wp\/v2\/pages\/124","targetHints":{"allow":["GET"]}}],"collection":[{"href":"https:\/\/gestinsolenn-naturopathie.fr\/index.php?rest_route=\/wp\/v2\/pages"}],"about":[{"href":"https:\/\/gestinsolenn-naturopathie.fr\/index.php?rest_route=\/wp\/v2\/types\/page"}],"author":[{"embeddable":true,"href":"https:\/\/gestinsolenn-naturopathie.fr\/index.php?rest_route=\/wp\/v2\/users\/1"}],"replies":[{"embeddable":true,"href":"https:\/\/gestinsolenn-naturopathie.fr\/index.php?rest_route=%2Fwp%2Fv2%2Fcomments&post=124"}],"version-history":[{"count":14,"href":"https:\/\/gestinsolenn-naturopathie.fr\/index.php?rest_route=\/wp\/v2\/pages\/124\/revisions"}],"predecessor-version":[{"id":312,"href":"https:\/\/gestinsolenn-naturopathie.fr\/index.php?rest_route=\/wp\/v2\/pages\/124\/revisions\/312"}],"wp:attachment":[{"href":"https:\/\/gestinsolenn-naturopathie.fr\/index.php?rest_route=%2Fwp%2Fv2%2Fmedia&parent=124"}],"curies":[{"name":"wp","href":"https:\/\/api.w.org\/{rel}","templated":true}]}}