{"id":100,"date":"2026-02-23T03:14:24","date_gmt":"2026-02-23T03:14:24","guid":{"rendered":"https:\/\/gestinsolenn-naturopathie.fr\/?page_id=100"},"modified":"2026-03-21T00:41:57","modified_gmt":"2026-03-20T23:41:57","slug":"tarifs","status":"publish","type":"page","link":"https:\/\/gestinsolenn-naturopathie.fr\/?page_id=100","title":{"rendered":"Tarifs"},"content":{"rendered":"\n<div class=\"wp-block-uagb-image uagb-block-ce4b5d44 wp-block-uagb-image--layout-default wp-block-uagb-image--effect-static wp-block-uagb-image--align-none\"><figure class=\"wp-block-uagb-image__figure\"><img decoding=\"async\" srcset=\"https:\/\/gestinsolenn-naturopathie.fr\/wp-content\/uploads\/2026\/03\/OIP-5.webp ,https:\/\/gestinsolenn-naturopathie.fr\/wp-content\/uploads\/2026\/03\/OIP-5.webp 780w, https:\/\/gestinsolenn-naturopathie.fr\/wp-content\/uploads\/2026\/03\/OIP-5.webp 360w\" sizes=\"auto, (max-width: 480px) 150px\" src=\"https:\/\/gestinsolenn-naturopathie.fr\/wp-content\/uploads\/2026\/03\/OIP-5.webp\" alt=\"\" class=\"uag-image-264\" width=\"338\" height=\"225\" title=\"OIP (5)\" loading=\"lazy\" role=\"img\"\/><\/figure><\/div>\n\n\n\n<p class=\"has-text-align-left\"><strong>CONSULTATION NATUROPATHIE<\/strong><\/p>\n\n\n\n<p class=\"has-text-align-right\">Premier rendez-vous (anamn\u00e8se): <strong>80 euros<\/strong><\/p>\n\n\n\n<p class=\"has-text-align-right\">Consultation de suivi: <strong>65 euros<\/strong><\/p>\n\n\n\n<p class=\"has-text-align-left\"><strong>E.F.T<\/strong><\/p>\n\n\n\n<p class=\"has-text-align-right\">1s\u00e9ance = <strong>60 euros<\/strong><\/p>\n\n\n\n<p><strong>MASSAGES BIEN-ETRE<\/strong><\/p>\n\n\n\n<p class=\"has-text-align-right\">Massage assis: 30 minutes = <strong>40 euros<\/strong><\/p>\n\n\n\n<p class=\"has-text-align-right\">Massage cr\u00e2nien indien: 25 minutes = <strong>30 euros<\/strong> <\/p>\n\n\n\n<p><strong>INTERVENTION EXTERIEURE (entreprise, centre de formation, association &#8230;)<\/strong><\/p>\n\n\n\n<p class=\"has-text-align-right\">demi-journ\u00e9e = <strong>350 euros<\/strong><\/p>\n\n\n\n<p class=\"has-text-align-right\">journ\u00e9e compl\u00e8te = <strong>650 euros<\/strong><\/p>\n\n\n\n<p class=\"has-text-align-right\"><em>(sur devis et hors frais kilom\u00e9triques)<\/em><\/p>\n\n\n\n<p class=\"has-text-align-right\"><em>Pour d&rsquo;autres formats horaires contactez moi<\/em><\/p>\n\n\n\n<p><strong>ATELIERS<\/strong><\/p>\n\n\n\n<p class=\"has-text-align-right\"><em>Les tarifs varient en fonction des ateliers. <\/em><\/p>\n\n\n\n<p class=\"has-text-align-left\"><strong>FORFAITS<\/strong><\/p>\n\n\n\n<p class=\"has-text-align-right\"><strong>Forfait naturopathique 4 saisons<\/strong>: 1 consultation d&rsquo;anamn\u00e8se + 3 consultation de suivi (30 minutes) = <strong>235 euros<\/strong><\/p>\n\n\n\n<p class=\"has-text-align-right\"><strong>Forfait Relaxation profonde<\/strong> : Massage assis de 25 minutes + massage cr\u00e2nien de 20 minutes = <strong>60 euros<\/strong><\/p>\n\n\n\n<p class=\"has-text-align-right\"><strong>Forfait R\u00e9v\u00e9lation<\/strong> : 1 consultation d&rsquo;anamn\u00e8se + 4 s\u00e9ances de suivi ( 1\/ trimestre) + 1 massage assis de 40 minutes + 1 s\u00e9ance d&rsquo;E.F.T = <strong>350 euros<\/strong><\/p>\n\n\n\n<p class=\"has-text-align-right\"><strong>Forfait \u00e9tudiant serein<\/strong> : 2 s\u00e9ances d&rsquo;E.F.T + 1 rendez-vous en conseils alimentaires cibl\u00e9s + 1 massage cr\u00e2nien de 30 minutes = <strong>170 euros<\/strong><\/p>\n\n\n\n<div class=\"wp-block-uagb-image uagb-block-2ae07757 wp-block-uagb-image--layout-default wp-block-uagb-image--effect-static wp-block-uagb-image--align-none\"><figure class=\"wp-block-uagb-image__figure\"><img decoding=\"async\" srcset=\"https:\/\/gestinsolenn-naturopathie.fr\/wp-content\/uploads\/2026\/03\/20220327_121958-768x1024.jpg ,https:\/\/gestinsolenn-naturopathie.fr\/wp-content\/uploads\/2026\/03\/20220327_121958-scaled.jpg 780w, https:\/\/gestinsolenn-naturopathie.fr\/wp-content\/uploads\/2026\/03\/20220327_121958-scaled.jpg 360w\" sizes=\"auto, (max-width: 480px) 150px\" src=\"https:\/\/gestinsolenn-naturopathie.fr\/wp-content\/uploads\/2026\/03\/20220327_121958-768x1024.jpg\" alt=\"\" class=\"uag-image-181\" width=\"322\" height=\"429\" title=\"20220327_121958\" loading=\"lazy\" role=\"img\"\/><\/figure><\/div>\n\n\n\n<p class=\"has-text-align-center\"><em><strong>\u00ab\u00a0L\u2019extraordinaire se trouve sur le chemin des gens ordinaires\u00a0\u00bb Paulo COELHO <\/strong><\/em><\/p>\n","protected":false},"excerpt":{"rendered":"<p>CONSULTATION NATUROPATHIE Premier rendez-vous (anamn\u00e8se): 80 euros Consultation de suivi: 65 euros E.F.T 1s\u00e9ance = 60 euros MASSAGES BIEN-ETRE Massage assis: 30 minutes = 40 euros Massage cr\u00e2nien indien: 25 minutes = 30 euros INTERVENTION EXTERIEURE (entreprise, centre de formation, association &#8230;) demi-journ\u00e9e = 350 euros journ\u00e9e compl\u00e8te = 650 euros (sur devis et hors [&hellip;]<\/p>\n","protected":false},"author":1,"featured_media":0,"parent":0,"menu_order":0,"comment_status":"closed","ping_status":"closed","template":"","meta":{"_uag_custom_page_level_css":"","footnotes":""},"class_list":["post-100","page","type-page","status-publish","hentry"],"_hostinger_reach_plugin_has_subscription_block":false,"_hostinger_reach_plugin_is_elementor":false,"uagb_featured_image_src":{"full":false,"thumbnail":false,"medium":false,"medium_large":false,"large":false,"1536x1536":false,"2048x2048":false,"context-blog-card-slider-382X271":false,"context-blog-full-screen-slider-1440X550":false,"context-blog-gallery-slider-1-510X497":false,"context-blog-gallery-slider-2-footer-news-100X98":false,"context-blog-leaflet-slider-sidbarlatest-510X724":false,"context-blog-main-blog-1-1200X630":false,"context-blog-main-blog-2-538X382":false,"context-blog-aboutme-350X350":false,"context-blog-center-image-785X485":false},"uagb_author_info":{"display_name":"GESTIN Solenn","author_link":"https:\/\/gestinsolenn-naturopathie.fr\/?author=1"},"uagb_comment_info":0,"uagb_excerpt":"CONSULTATION NATUROPATHIE Premier rendez-vous (anamn\u00e8se): 80 euros Consultation de suivi: 65 euros E.F.T 1s\u00e9ance = 60 euros MASSAGES BIEN-ETRE Massage assis: 30 minutes = 40 euros Massage cr\u00e2nien indien: 25 minutes = 30 euros INTERVENTION EXTERIEURE (entreprise, centre de formation, association &#8230;) demi-journ\u00e9e = 350 euros journ\u00e9e compl\u00e8te = 650 euros (sur devis et hors\u2026","_links":{"self":[{"href":"https:\/\/gestinsolenn-naturopathie.fr\/index.php?rest_route=\/wp\/v2\/pages\/100","targetHints":{"allow":["GET"]}}],"collection":[{"href":"https:\/\/gestinsolenn-naturopathie.fr\/index.php?rest_route=\/wp\/v2\/pages"}],"about":[{"href":"https:\/\/gestinsolenn-naturopathie.fr\/index.php?rest_route=\/wp\/v2\/types\/page"}],"author":[{"embeddable":true,"href":"https:\/\/gestinsolenn-naturopathie.fr\/index.php?rest_route=\/wp\/v2\/users\/1"}],"replies":[{"embeddable":true,"href":"https:\/\/gestinsolenn-naturopathie.fr\/index.php?rest_route=%2Fwp%2Fv2%2Fcomments&post=100"}],"version-history":[{"count":6,"href":"https:\/\/gestinsolenn-naturopathie.fr\/index.php?rest_route=\/wp\/v2\/pages\/100\/revisions"}],"predecessor-version":[{"id":308,"href":"https:\/\/gestinsolenn-naturopathie.fr\/index.php?rest_route=\/wp\/v2\/pages\/100\/revisions\/308"}],"wp:attachment":[{"href":"https:\/\/gestinsolenn-naturopathie.fr\/index.php?rest_route=%2Fwp%2Fv2%2Fmedia&parent=100"}],"curies":[{"name":"wp","href":"https:\/\/api.w.org\/{rel}","templated":true}]}}